{"id":7473,"date":"2026-04-09T10:22:46","date_gmt":"2026-04-09T08:22:46","guid":{"rendered":"https:\/\/superhabana.com\/?post_type=product&#038;p=7473"},"modified":"2026-04-09T10:30:40","modified_gmt":"2026-04-09T08:30:40","slug":"b2b-cp-0055-chorizo-montero-0-5-kg-aprox-unidad","status":"publish","type":"product","link":"https:\/\/superhabana.com\/en\/tienda\/b2b\/b2b-cp-0055-chorizo-montero-0-5-kg-aprox-unidad\/","title":{"rendered":"B2B (CP: 0055) &#8211; Chorizo Montero &#8211; ~0.5 Kg aprox.\/unidad"},"content":{"rendered":"<p>Producto fresco, la conservaci\u00f3n ha de hacerse entre 0\u00ba y 5\u00baC.<\/p>\n<p>Producto de peso variable.<\/p>\n<p><strong>El peso de cada unidad es de aproximadamente 500g.<br \/>\n<\/strong><\/p>\n<p>Fecha de consumo preferente: 6 meses.<\/p>\n<p>Ingredientes:<\/p>\n<p>Carne de ave, carne de cerdo, agua, almid\u00f3n, sal, prote\u00ednas vegetal y l\u00e1ctea, lactosa, piment\u00f3n, dextrina, dextrosa, especias, aroma de humo, antioxidante E-316, estabilizante E-451, conservante E-250, humo l\u00edquido, colorantes E-120 y E-124.<\/p>\n","protected":false},"excerpt":{"rendered":"<p>Producto fresco, la conservaci\u00f3n ha de hacerse entre 0\u00ba y 5\u00baC.<\/p>\n<p>Producto de peso variable.<\/p>\n<p><strong>El peso de cada unidad es de aproximadamente 500g.<br \/>\n<\/strong><\/p>\n<p>Fecha de consumo preferente: 6 meses.<\/p>\n<p>Ingredientes:<\/p>\n<p>Carne de ave, carne de cerdo, agua, almid\u00f3n, sal, prote\u00ednas vegetal y l\u00e1ctea, lactosa, piment\u00f3n, dextrina, dextrosa, especias, aroma de humo, antioxidante E-316, estabilizante E-451, conservante E-250, humo l\u00edquido, colorantes E-120 y E-124.<\/p>\n","protected":false},"featured_media":7475,"comment_status":"open","ping_status":"closed","template":"","meta":[],"product_brand":[],"product_cat":[86],"product_tag":[],"class_list":{"0":"post-7473","1":"product","2":"type-product","3":"status-publish","4":"has-post-thumbnail","6":"product_cat-b2b","8":"first","9":"instock","10":"shipping-taxable","11":"purchasable","12":"product-type-simple"},"_links":{"self":[{"href":"https:\/\/superhabana.com\/en\/wp-json\/wp\/v2\/product\/7473","targetHints":{"allow":["GET"]}}],"collection":[{"href":"https:\/\/superhabana.com\/en\/wp-json\/wp\/v2\/product"}],"about":[{"href":"https:\/\/superhabana.com\/en\/wp-json\/wp\/v2\/types\/product"}],"replies":[{"embeddable":true,"href":"https:\/\/superhabana.com\/en\/wp-json\/wp\/v2\/comments?post=7473"}],"version-history":[{"count":1,"href":"https:\/\/superhabana.com\/en\/wp-json\/wp\/v2\/product\/7473\/revisions"}],"predecessor-version":[{"id":7474,"href":"https:\/\/superhabana.com\/en\/wp-json\/wp\/v2\/product\/7473\/revisions\/7474"}],"wp:featuredmedia":[{"embeddable":true,"href":"https:\/\/superhabana.com\/en\/wp-json\/wp\/v2\/media\/7475"}],"wp:attachment":[{"href":"https:\/\/superhabana.com\/en\/wp-json\/wp\/v2\/media?parent=7473"}],"wp:term":[{"taxonomy":"product_brand","embeddable":true,"href":"https:\/\/superhabana.com\/en\/wp-json\/wp\/v2\/product_brand?post=7473"},{"taxonomy":"product_cat","embeddable":true,"href":"https:\/\/superhabana.com\/en\/wp-json\/wp\/v2\/product_cat?post=7473"},{"taxonomy":"product_tag","embeddable":true,"href":"https:\/\/superhabana.com\/en\/wp-json\/wp\/v2\/product_tag?post=7473"}],"curies":[{"name":"wp","href":"https:\/\/api.w.org\/{rel}","templated":true}]}}