{"id":74,"date":"2023-05-26T04:43:58","date_gmt":"2023-05-26T02:43:58","guid":{"rendered":"http:\/\/sw-themes.com\/porto_dummy\/?post_type=product&#038;p=74"},"modified":"2025-12-07T10:06:34","modified_gmt":"2025-12-07T08:06:34","slug":"chorizo-montero","status":"publish","type":"product","link":"https:\/\/superhabana.com\/en\/tienda\/fiambres\/chorizo-montero\/","title":{"rendered":"Chorizo Montero &#8211; Caja 20 unidades, 20-20.4 Kg &#8211; 1 Kg aprox.\/unidad"},"content":{"rendered":"<p>Producto fresco, la conservaci\u00f3n ha de hacerse entre 0\u00ba y 5\u00baC.<\/p>\n<p><strong>Se vende por cajas de 20 unidades, el peso de cada unidad es de 1kg aprox., el de la caja de 20-20.40kg.<\/strong><\/p>\n<p>Fecha de consumo preferente: 6 meses.<\/p>\n<p>Ingredientes:<\/p>\n<p>Carne de ave, carne de cerdo, agua, almid\u00f3n, sal, prote\u00ednas vegetal y l\u00e1ctea, lactosa, piment\u00f3n, dextrina, dextrosa, especias, aroma de humo, antioxidante E-316, estabilizante E-451, conservante E-250, humo l\u00edquido, colorantes E-120 y E-124.<\/p>\n","protected":false},"excerpt":{"rendered":"<p>Producto fresco, la conservaci\u00f3n ha de hacerse entre 0\u00ba y 5\u00baC.<\/p>\n<p><strong>Se vende por cajas de 20 unidades, el peso de cada unidad es de 1kg aprox., el de la caja de 20-20.40kg.<\/strong><\/p>\n<p>Fecha de consumo preferente: 6 meses.<\/p>\n<p>Ingredientes:<\/p>\n<p>Carne de ave, carne de cerdo, agua, almid\u00f3n, sal, prote\u00ednas vegetal y l\u00e1ctea, lactosa, piment\u00f3n, dextrina, dextrosa, especias, aroma de humo, antioxidante E-316, estabilizante E-451, conservante E-250, humo l\u00edquido, colorantes E-120 y E-124.<\/p>\n","protected":false},"featured_media":3479,"comment_status":"open","ping_status":"closed","template":"","meta":[],"product_brand":[],"product_cat":[15],"product_tag":[],"class_list":{"0":"post-74","1":"product","2":"type-product","3":"status-publish","4":"has-post-thumbnail","6":"product_cat-fiambres","8":"first","9":"instock","10":"shipping-taxable","11":"purchasable","12":"product-type-simple"},"_links":{"self":[{"href":"https:\/\/superhabana.com\/en\/wp-json\/wp\/v2\/product\/74","targetHints":{"allow":["GET"]}}],"collection":[{"href":"https:\/\/superhabana.com\/en\/wp-json\/wp\/v2\/product"}],"about":[{"href":"https:\/\/superhabana.com\/en\/wp-json\/wp\/v2\/types\/product"}],"replies":[{"embeddable":true,"href":"https:\/\/superhabana.com\/en\/wp-json\/wp\/v2\/comments?post=74"}],"version-history":[{"count":9,"href":"https:\/\/superhabana.com\/en\/wp-json\/wp\/v2\/product\/74\/revisions"}],"predecessor-version":[{"id":3978,"href":"https:\/\/superhabana.com\/en\/wp-json\/wp\/v2\/product\/74\/revisions\/3978"}],"wp:featuredmedia":[{"embeddable":true,"href":"https:\/\/superhabana.com\/en\/wp-json\/wp\/v2\/media\/3479"}],"wp:attachment":[{"href":"https:\/\/superhabana.com\/en\/wp-json\/wp\/v2\/media?parent=74"}],"wp:term":[{"taxonomy":"product_brand","embeddable":true,"href":"https:\/\/superhabana.com\/en\/wp-json\/wp\/v2\/product_brand?post=74"},{"taxonomy":"product_cat","embeddable":true,"href":"https:\/\/superhabana.com\/en\/wp-json\/wp\/v2\/product_cat?post=74"},{"taxonomy":"product_tag","embeddable":true,"href":"https:\/\/superhabana.com\/en\/wp-json\/wp\/v2\/product_tag?post=74"}],"curies":[{"name":"wp","href":"https:\/\/api.w.org\/{rel}","templated":true}]}}