{"id":72,"date":"2023-05-26T04:43:07","date_gmt":"2023-05-26T02:43:07","guid":{"rendered":"http:\/\/sw-themes.com\/porto_dummy\/?post_type=product&#038;p=72"},"modified":"2025-12-07T10:05:47","modified_gmt":"2025-12-07T08:05:47","slug":"salchichon-al-ajo-3-kg","status":"publish","type":"product","link":"https:\/\/superhabana.com\/en\/tienda\/fiambres\/salchichon-al-ajo-3-kg\/","title":{"rendered":"Salchichon al Ajo &#8211; Caja 4 unidades, 12 Kg &#8211;  3 Kg\/unidad"},"content":{"rendered":"<p>Producto fresco, la conservaci\u00f3n ha de hacerse entre 0\u00ba y 5\u00baC.<\/p>\n<p><strong>Se vende por cajas de 4 unidades, el peso de cada unidad es de 3kg, el de la caja de 12kg.<\/strong><\/p>\n<p>Fecha de consumo preferente: 6 meses.<\/p>\n<p>Ingredientes:<\/p>\n<p>Carne de cerdo, agua, almid\u00f3n, lactosa, sal, dextrina, dextrosa, especias, ajo, prote\u00edna vegetal y l\u00e1ctea, estabilizante E-451, antioxidante E-316, conservantes E-250, E-252 y colorante E-120.<\/p>\n","protected":false},"excerpt":{"rendered":"<p>Producto fresco, la conservaci\u00f3n ha de hacerse entre 0\u00ba y 5\u00baC.<\/p>\n<p><strong>Se vende por cajas de 4 unidades, el peso de cada unidad es de 3kg, el de la caja de 12kg.<\/strong><\/p>\n<p>Fecha de consumo preferente: 6 meses.<\/p>\n<p>Ingredientes:<\/p>\n<p>Carne de cerdo, agua, almid\u00f3n, lactosa, sal, dextrina, dextrosa, especias, ajo, prote\u00edna vegetal y l\u00e1ctea, estabilizante E-451, antioxidante E-316, conservantes E-250, E-252 y colorante E-120.<\/p>\n","protected":false},"featured_media":3935,"comment_status":"open","ping_status":"closed","template":"","meta":[],"product_brand":[],"product_cat":[15],"product_tag":[],"class_list":{"0":"post-72","1":"product","2":"type-product","3":"status-publish","4":"has-post-thumbnail","6":"product_cat-fiambres","8":"first","9":"instock","10":"shipping-taxable","11":"purchasable","12":"product-type-simple"},"_links":{"self":[{"href":"https:\/\/superhabana.com\/en\/wp-json\/wp\/v2\/product\/72","targetHints":{"allow":["GET"]}}],"collection":[{"href":"https:\/\/superhabana.com\/en\/wp-json\/wp\/v2\/product"}],"about":[{"href":"https:\/\/superhabana.com\/en\/wp-json\/wp\/v2\/types\/product"}],"replies":[{"embeddable":true,"href":"https:\/\/superhabana.com\/en\/wp-json\/wp\/v2\/comments?post=72"}],"version-history":[{"count":5,"href":"https:\/\/superhabana.com\/en\/wp-json\/wp\/v2\/product\/72\/revisions"}],"predecessor-version":[{"id":3979,"href":"https:\/\/superhabana.com\/en\/wp-json\/wp\/v2\/product\/72\/revisions\/3979"}],"wp:featuredmedia":[{"embeddable":true,"href":"https:\/\/superhabana.com\/en\/wp-json\/wp\/v2\/media\/3935"}],"wp:attachment":[{"href":"https:\/\/superhabana.com\/en\/wp-json\/wp\/v2\/media?parent=72"}],"wp:term":[{"taxonomy":"product_brand","embeddable":true,"href":"https:\/\/superhabana.com\/en\/wp-json\/wp\/v2\/product_brand?post=72"},{"taxonomy":"product_cat","embeddable":true,"href":"https:\/\/superhabana.com\/en\/wp-json\/wp\/v2\/product_cat?post=72"},{"taxonomy":"product_tag","embeddable":true,"href":"https:\/\/superhabana.com\/en\/wp-json\/wp\/v2\/product_tag?post=72"}],"curies":[{"name":"wp","href":"https:\/\/api.w.org\/{rel}","templated":true}]}}