{"id":5894,"date":"2025-02-19T13:32:58","date_gmt":"2025-02-19T11:32:58","guid":{"rendered":"https:\/\/superhabana.com\/?post_type=product&#038;p=5894"},"modified":"2025-12-07T09:33:59","modified_gmt":"2025-12-07T07:33:59","slug":"b2b-cp-0070-pechuga-cocida-extra-43-kg-unidad","status":"publish","type":"product","link":"https:\/\/superhabana.com\/en\/tienda\/b2b\/fiambres-b2b\/b2b-cp-0070-pechuga-cocida-extra-43-kg-unidad\/","title":{"rendered":"B2B &#8211; (CP: 0070) &#8211; Pechuga Cocida Extra 4,3 Kg\/unidad"},"content":{"rendered":"<p>Producto fresco, la conservaci\u00f3n ha de hacerse entre 0\u00ba y 5\u00baC.<\/p>\n<p><strong>El peso de cada unidad es de 4,3kg.<br \/>\n<\/strong><\/p>\n<p>Fecha de consumo preferente: 4 meses.<\/p>\n<p>Ingredientes:<\/p>\n<p><span data-olk-copy-source=\"MessageBody\">Pechuga de pollo, agua, almid\u00f3n, prote\u00edna vegetal, sal, aroma y aroma de humo, estabilizantes (E-407, E-420, E-451) az\u00facar,\u00a0 antioxidantes (E-331, E-316)\u00a0 y conservante (E-250).<\/span><\/p>\n","protected":false},"excerpt":{"rendered":"<p>Producto fresco, la conservaci\u00f3n ha de hacerse entre 0\u00ba y 5\u00baC.<\/p>\n<p><strong>El peso de cada unidad es de 4,3kg.<br \/>\n<\/strong><\/p>\n<p>Fecha de consumo preferente: 4 meses.<\/p>\n<p>Ingredientes:<\/p>\n<p><span data-olk-copy-source=\"MessageBody\">Pechuga de pollo, agua, almid\u00f3n, prote\u00edna vegetal, sal, aroma y aroma de humo, estabilizantes (E-407, E-420, E-451) az\u00facar,\u00a0 antioxidantes (E-331, E-316)\u00a0 y conservante (E-250).<\/span><\/p>\n","protected":false},"featured_media":0,"comment_status":"open","ping_status":"closed","template":"","meta":[],"product_brand":[],"product_cat":[86,93],"product_tag":[],"class_list":{"0":"post-5894","1":"product","2":"type-product","3":"status-publish","5":"product_cat-b2b","6":"product_cat-fiambres-b2b","8":"first","9":"instock","10":"shipping-taxable","11":"purchasable","12":"product-type-simple"},"_links":{"self":[{"href":"https:\/\/superhabana.com\/en\/wp-json\/wp\/v2\/product\/5894","targetHints":{"allow":["GET"]}}],"collection":[{"href":"https:\/\/superhabana.com\/en\/wp-json\/wp\/v2\/product"}],"about":[{"href":"https:\/\/superhabana.com\/en\/wp-json\/wp\/v2\/types\/product"}],"replies":[{"embeddable":true,"href":"https:\/\/superhabana.com\/en\/wp-json\/wp\/v2\/comments?post=5894"}],"version-history":[{"count":1,"href":"https:\/\/superhabana.com\/en\/wp-json\/wp\/v2\/product\/5894\/revisions"}],"predecessor-version":[{"id":5895,"href":"https:\/\/superhabana.com\/en\/wp-json\/wp\/v2\/product\/5894\/revisions\/5895"}],"wp:attachment":[{"href":"https:\/\/superhabana.com\/en\/wp-json\/wp\/v2\/media?parent=5894"}],"wp:term":[{"taxonomy":"product_brand","embeddable":true,"href":"https:\/\/superhabana.com\/en\/wp-json\/wp\/v2\/product_brand?post=5894"},{"taxonomy":"product_cat","embeddable":true,"href":"https:\/\/superhabana.com\/en\/wp-json\/wp\/v2\/product_cat?post=5894"},{"taxonomy":"product_tag","embeddable":true,"href":"https:\/\/superhabana.com\/en\/wp-json\/wp\/v2\/product_tag?post=5894"}],"curies":[{"name":"wp","href":"https:\/\/api.w.org\/{rel}","templated":true}]}}