{"id":5089,"date":"2024-08-29T07:45:08","date_gmt":"2024-08-29T05:45:08","guid":{"rendered":"https:\/\/superhabana.com\/?post_type=product&#038;p=5089"},"modified":"2025-12-07T09:44:22","modified_gmt":"2025-12-07T07:44:22","slug":"b2b-cp-0205-chorizo-pimienta-20-kg-unidad","status":"publish","type":"product","link":"https:\/\/superhabana.com\/en\/tienda\/b2b\/fiambres-b2b\/b2b-cp-0205-chorizo-pimienta-20-kg-unidad\/","title":{"rendered":"B2B &#8211; (CP: 0205) &#8211; Chorizo Pimienta 2,0 Kg\/unidad"},"content":{"rendered":"<p>Producto fresco, la conservaci\u00f3n ha de hacerse entre 0\u00ba y 5\u00baC.<\/p>\n<p><strong>El peso de cada unidad es de 2kg.<br \/>\n<\/strong><\/p>\n<p>Fecha de consumo preferente: 6 meses.<\/p>\n<p>Ingredientes:<\/p>\n<p>Carne y grasa de cerdo, sal, LACTOSA, prote\u00edna de LECHE, piment\u00f3n, dextrina, especias, dextrosa, aroma natural, antioxidante (E-301), conservador (E-250) y extracto de piment\u00f3n. Cobertura de pimienta (1%).<\/p>\n","protected":false},"excerpt":{"rendered":"<p>Producto fresco, la conservaci\u00f3n ha de hacerse entre 0\u00ba y 5\u00baC.<\/p>\n<p><strong>El peso de cada unidad es de 2kg.<br \/>\n<\/strong><\/p>\n<p>Fecha de consumo preferente: 6 meses.<\/p>\n<p>Ingredientes:<\/p>\n<p>Carne y grasa de cerdo, sal, LACTOSA, prote\u00edna de LECHE, piment\u00f3n, dextrina, especias, dextrosa, aroma natural, antioxidante (E-301), conservador (E-250) y extracto de piment\u00f3n. Cobertura de pimienta (1%).<\/p>\n","protected":false},"featured_media":0,"comment_status":"open","ping_status":"closed","template":"","meta":[],"product_brand":[],"product_cat":[86,93],"product_tag":[],"class_list":{"0":"post-5089","1":"product","2":"type-product","3":"status-publish","5":"product_cat-b2b","6":"product_cat-fiambres-b2b","8":"first","9":"instock","10":"shipping-taxable","11":"purchasable","12":"product-type-simple"},"_links":{"self":[{"href":"https:\/\/superhabana.com\/en\/wp-json\/wp\/v2\/product\/5089","targetHints":{"allow":["GET"]}}],"collection":[{"href":"https:\/\/superhabana.com\/en\/wp-json\/wp\/v2\/product"}],"about":[{"href":"https:\/\/superhabana.com\/en\/wp-json\/wp\/v2\/types\/product"}],"replies":[{"embeddable":true,"href":"https:\/\/superhabana.com\/en\/wp-json\/wp\/v2\/comments?post=5089"}],"version-history":[{"count":3,"href":"https:\/\/superhabana.com\/en\/wp-json\/wp\/v2\/product\/5089\/revisions"}],"predecessor-version":[{"id":5111,"href":"https:\/\/superhabana.com\/en\/wp-json\/wp\/v2\/product\/5089\/revisions\/5111"}],"wp:attachment":[{"href":"https:\/\/superhabana.com\/en\/wp-json\/wp\/v2\/media?parent=5089"}],"wp:term":[{"taxonomy":"product_brand","embeddable":true,"href":"https:\/\/superhabana.com\/en\/wp-json\/wp\/v2\/product_brand?post=5089"},{"taxonomy":"product_cat","embeddable":true,"href":"https:\/\/superhabana.com\/en\/wp-json\/wp\/v2\/product_cat?post=5089"},{"taxonomy":"product_tag","embeddable":true,"href":"https:\/\/superhabana.com\/en\/wp-json\/wp\/v2\/product_tag?post=5089"}],"curies":[{"name":"wp","href":"https:\/\/api.w.org\/{rel}","templated":true}]}}