{"id":4909,"date":"2024-07-01T11:30:57","date_gmt":"2024-07-01T09:30:57","guid":{"rendered":"https:\/\/superhabana.com\/?post_type=product&#038;p=4909"},"modified":"2025-12-07T09:30:43","modified_gmt":"2025-12-07T07:30:43","slug":"b2b-cp-0044-masa-de-chorizo-5-kg-unidad","status":"publish","type":"product","link":"https:\/\/superhabana.com\/en\/tienda\/b2b\/congelados\/b2b-cp-0044-masa-de-chorizo-5-kg-unidad\/","title":{"rendered":"B2B (CP: 0044) &#8211; Masa de Chorizo &#8211; 5 kg\/unidad"},"content":{"rendered":"<p>Producto congelado, la conservaci\u00f3n ha de hacerse en -18\u00ba.<\/p>\n<p><strong>El peso de cada unidad es de 5kg.<br \/>\n<\/strong><\/p>\n<p>Fecha de consumo preferente: 6 meses.<\/p>\n<p>Ingredientes:<\/p>\n<p>Listado de Ingredientes: Carne de ave, carne de cerdo, agua, prote\u00ednas vegetal y l\u00e1ctea, lactosa, dextrosa, dextrina, almid\u00f3n, sal, piment\u00f3n, especias, aroma de humo, potenciador del sabor (E-621), antioxidantes (E-301 y E-316), conservante (E-250) y colorante (E-120).<\/p>\n","protected":false},"excerpt":{"rendered":"<p>Producto congelado, la conservaci\u00f3n ha de hacerse en -18\u00ba.<\/p>\n<p><strong>El peso de cada unidad es de 5kg.<br \/>\n<\/strong><\/p>\n<p>Fecha de consumo preferente: 6 meses.<\/p>\n<p>Ingredientes:<\/p>\n<p>Listado de Ingredientes: Carne de ave, carne de cerdo, agua, prote\u00ednas vegetal y l\u00e1ctea, lactosa, dextrosa, dextrina, almid\u00f3n, sal, piment\u00f3n, especias, aroma de humo, potenciador del sabor (E-621), antioxidantes (E-301 y E-316), conservante (E-250) y colorante (E-120).<\/p>\n","protected":false},"featured_media":4048,"comment_status":"open","ping_status":"closed","template":"","meta":[],"product_brand":[],"product_cat":[86,88],"product_tag":[],"class_list":{"0":"post-4909","1":"product","2":"type-product","3":"status-publish","4":"has-post-thumbnail","6":"product_cat-b2b","7":"product_cat-congelados","9":"first","10":"instock","11":"shipping-taxable","12":"purchasable","13":"product-type-simple"},"_links":{"self":[{"href":"https:\/\/superhabana.com\/en\/wp-json\/wp\/v2\/product\/4909","targetHints":{"allow":["GET"]}}],"collection":[{"href":"https:\/\/superhabana.com\/en\/wp-json\/wp\/v2\/product"}],"about":[{"href":"https:\/\/superhabana.com\/en\/wp-json\/wp\/v2\/types\/product"}],"replies":[{"embeddable":true,"href":"https:\/\/superhabana.com\/en\/wp-json\/wp\/v2\/comments?post=4909"}],"version-history":[{"count":1,"href":"https:\/\/superhabana.com\/en\/wp-json\/wp\/v2\/product\/4909\/revisions"}],"predecessor-version":[{"id":4910,"href":"https:\/\/superhabana.com\/en\/wp-json\/wp\/v2\/product\/4909\/revisions\/4910"}],"wp:featuredmedia":[{"embeddable":true,"href":"https:\/\/superhabana.com\/en\/wp-json\/wp\/v2\/media\/4048"}],"wp:attachment":[{"href":"https:\/\/superhabana.com\/en\/wp-json\/wp\/v2\/media?parent=4909"}],"wp:term":[{"taxonomy":"product_brand","embeddable":true,"href":"https:\/\/superhabana.com\/en\/wp-json\/wp\/v2\/product_brand?post=4909"},{"taxonomy":"product_cat","embeddable":true,"href":"https:\/\/superhabana.com\/en\/wp-json\/wp\/v2\/product_cat?post=4909"},{"taxonomy":"product_tag","embeddable":true,"href":"https:\/\/superhabana.com\/en\/wp-json\/wp\/v2\/product_tag?post=4909"}],"curies":[{"name":"wp","href":"https:\/\/api.w.org\/{rel}","templated":true}]}}