{"id":4847,"date":"2024-06-06T09:01:36","date_gmt":"2024-06-06T07:01:36","guid":{"rendered":"https:\/\/superhabana.com\/?post_type=product&#038;p=4847"},"modified":"2025-12-07T09:34:14","modified_gmt":"2025-12-07T07:34:14","slug":"b2b-cp-0072-salchichon-al-ajo-20-kg-unidad","status":"publish","type":"product","link":"https:\/\/superhabana.com\/en\/tienda\/b2b\/fiambres-b2b\/b2b-cp-0072-salchichon-al-ajo-20-kg-unidad\/","title":{"rendered":"B2B &#8211; (CP: 0072) &#8211; Salchich\u00f3n al ajo. 2,0 kg\/unidad"},"content":{"rendered":"<p>Producto fresco, la conservaci\u00f3n ha de hacerse entre 0\u00ba y 5\u00baC.<\/p>\n<p><strong>El peso de cada unidad es de 2kg.<br \/>\n<\/strong><\/p>\n<p>Fecha de consumo preferente: 6 meses.<\/p>\n<p>Ingredientes:<\/p>\n<p>Carne de cerdo, agua, almid\u00f3n, lactosa, sal, dextrina, dextrosa, especias, ajo, prote\u00edna vegetal y l\u00e1ctea, estabilizante E-451, antioxidante E-316, conservantes E-250, E-252 y colorante E-120.<\/p>\n","protected":false},"excerpt":{"rendered":"<p>Producto fresco, la conservaci\u00f3n ha de hacerse entre 0\u00ba y 5\u00baC.<\/p>\n<p><strong>El peso de cada unidad es de 2kg.<br \/>\n<\/strong><\/p>\n<p>Fecha de consumo preferente: 6 meses.<\/p>\n<p>Ingredientes:<\/p>\n<p>Carne de cerdo, agua, almid\u00f3n, lactosa, sal, dextrina, dextrosa, especias, ajo, prote\u00edna vegetal y l\u00e1ctea, estabilizante E-451, antioxidante E-316, conservantes E-250, E-252 y colorante E-120.<\/p>\n","protected":false},"featured_media":0,"comment_status":"open","ping_status":"closed","template":"","meta":[],"product_brand":[],"product_cat":[86,93],"product_tag":[],"class_list":{"0":"post-4847","1":"product","2":"type-product","3":"status-publish","5":"product_cat-b2b","6":"product_cat-fiambres-b2b","8":"first","9":"instock","10":"shipping-taxable","11":"purchasable","12":"product-type-simple"},"_links":{"self":[{"href":"https:\/\/superhabana.com\/en\/wp-json\/wp\/v2\/product\/4847","targetHints":{"allow":["GET"]}}],"collection":[{"href":"https:\/\/superhabana.com\/en\/wp-json\/wp\/v2\/product"}],"about":[{"href":"https:\/\/superhabana.com\/en\/wp-json\/wp\/v2\/types\/product"}],"replies":[{"embeddable":true,"href":"https:\/\/superhabana.com\/en\/wp-json\/wp\/v2\/comments?post=4847"}],"version-history":[{"count":1,"href":"https:\/\/superhabana.com\/en\/wp-json\/wp\/v2\/product\/4847\/revisions"}],"predecessor-version":[{"id":4848,"href":"https:\/\/superhabana.com\/en\/wp-json\/wp\/v2\/product\/4847\/revisions\/4848"}],"wp:attachment":[{"href":"https:\/\/superhabana.com\/en\/wp-json\/wp\/v2\/media?parent=4847"}],"wp:term":[{"taxonomy":"product_brand","embeddable":true,"href":"https:\/\/superhabana.com\/en\/wp-json\/wp\/v2\/product_brand?post=4847"},{"taxonomy":"product_cat","embeddable":true,"href":"https:\/\/superhabana.com\/en\/wp-json\/wp\/v2\/product_cat?post=4847"},{"taxonomy":"product_tag","embeddable":true,"href":"https:\/\/superhabana.com\/en\/wp-json\/wp\/v2\/product_tag?post=4847"}],"curies":[{"name":"wp","href":"https:\/\/api.w.org\/{rel}","templated":true}]}}