{"id":4590,"date":"2024-03-12T15:00:45","date_gmt":"2024-03-12T13:00:45","guid":{"rendered":"https:\/\/superhabana.com\/?post_type=product&#038;p=4590"},"modified":"2025-12-07T09:44:47","modified_gmt":"2025-12-07T07:44:47","slug":"b2b-cp-0203-salami-extra","status":"publish","type":"product","link":"https:\/\/superhabana.com\/en\/tienda\/b2b\/b2b-cp-0203-salami-extra\/","title":{"rendered":"B2B (CP: 0203) &#8211; Salami Extra"},"content":{"rendered":"<p>Producto fresco, la conservaci\u00f3n ha de hacerse entre 0\u00ba y 5\u00baC.<\/p>\n<p>Producto de peso variable.<\/p>\n<p><strong>El peso de cada unidad es de aproximadamente 3,6kg.<br \/>\n<\/strong><\/p>\n<p>Fecha de consumo preferente: 8 meses.<\/p>\n<p>Ingredientes:<\/p>\n<p>Carne y grasa de cerdo, prote\u00edna de la leche, sal, especias, lactosa, dextrina, dextrosa, az\u00facar, aromas, aroma de humo, estabilizante (E-451), antioxidantes (E-331, E-301), colorante (E-120) y conservador (E-250)<\/p>\n","protected":false},"excerpt":{"rendered":"<p>Producto fresco, la conservaci\u00f3n ha de hacerse entre 0\u00ba y 5\u00baC.<\/p>\n<p>Producto de peso variable.<\/p>\n<p><strong>El peso de cada unidad es de aproximadamente 1,3kg.<\/strong><\/p>\n<p>Fecha de consumo preferente: 8 meses.<\/p>\n<p>Ingredientes:<\/p>\n<p>Carne de cerdo, agua, sal, prote\u00ednas vegetal y l\u00e1ctea, lactosa, piment\u00f3n, dextrina, dextrosa especias, aroma de humo, antioxidante E-316, colorante E-120, conservante E-250 y E-202.<\/p>\n","protected":false},"featured_media":0,"comment_status":"open","ping_status":"closed","template":"","meta":[],"product_brand":[],"product_cat":[86],"product_tag":[],"class_list":{"0":"post-4590","1":"product","2":"type-product","3":"status-publish","5":"product_cat-b2b","7":"first","8":"instock","9":"shipping-taxable","10":"purchasable","11":"product-type-simple"},"_links":{"self":[{"href":"https:\/\/superhabana.com\/en\/wp-json\/wp\/v2\/product\/4590","targetHints":{"allow":["GET"]}}],"collection":[{"href":"https:\/\/superhabana.com\/en\/wp-json\/wp\/v2\/product"}],"about":[{"href":"https:\/\/superhabana.com\/en\/wp-json\/wp\/v2\/types\/product"}],"replies":[{"embeddable":true,"href":"https:\/\/superhabana.com\/en\/wp-json\/wp\/v2\/comments?post=4590"}],"version-history":[{"count":5,"href":"https:\/\/superhabana.com\/en\/wp-json\/wp\/v2\/product\/4590\/revisions"}],"predecessor-version":[{"id":4772,"href":"https:\/\/superhabana.com\/en\/wp-json\/wp\/v2\/product\/4590\/revisions\/4772"}],"wp:attachment":[{"href":"https:\/\/superhabana.com\/en\/wp-json\/wp\/v2\/media?parent=4590"}],"wp:term":[{"taxonomy":"product_brand","embeddable":true,"href":"https:\/\/superhabana.com\/en\/wp-json\/wp\/v2\/product_brand?post=4590"},{"taxonomy":"product_cat","embeddable":true,"href":"https:\/\/superhabana.com\/en\/wp-json\/wp\/v2\/product_cat?post=4590"},{"taxonomy":"product_tag","embeddable":true,"href":"https:\/\/superhabana.com\/en\/wp-json\/wp\/v2\/product_tag?post=4590"}],"curies":[{"name":"wp","href":"https:\/\/api.w.org\/{rel}","templated":true}]}}