{"id":4315,"date":"2024-01-09T10:36:38","date_gmt":"2024-01-09T08:36:38","guid":{"rendered":"https:\/\/superhabana.com\/?post_type=product&#038;p=4315"},"modified":"2025-12-07T09:24:46","modified_gmt":"2025-12-07T07:24:46","slug":"b2b-cp-0007-masa-de-chorizo-400-g-unidad","status":"publish","type":"product","link":"https:\/\/superhabana.com\/en\/tienda\/b2b\/b2b-cp-0007-masa-de-chorizo-400-g-unidad\/","title":{"rendered":"B2B (CP: 0007) &#8211; Masa de Chorizo &#8211; 400 g\/unidad"},"content":{"rendered":"<p>Producto congelado, la conservaci\u00f3n ha de hacerse en -18\u00ba.<\/p>\n<p><strong>El peso de cada unidad es de 400g.<br \/>\n<\/strong><\/p>\n<p>Fecha de consumo preferente: 6 meses.<\/p>\n<p>Ingredientes:<\/p>\n<p>Listado de Ingredientes: Carne de ave y de cerdo, agua, almid\u00f3n, prote\u00edna vegetal, sal, piment\u00f3n, dextrosa, especias, acentuador del sabor (E-621), antioxidante (E-301) y colorante (E-120).<\/p>\n","protected":false},"excerpt":{"rendered":"<p>Producto congelado, la conservaci\u00f3n ha de hacerse en -18\u00ba.<\/p>\n<p><strong>El peso de cada unidad es de 400g.<br \/>\n<\/strong><\/p>\n<p>Fecha de consumo preferente: 6 meses.<\/p>\n<p>Ingredientes:<\/p>\n<p>Listado de Ingredientes: Carne de ave y de cerdo, agua, almid\u00f3n, prote\u00edna vegetal, sal, piment\u00f3n, dextrosa, especias, acentuador del sabor (E-621), antioxidante (E-301) y colorante (E-120).<\/p>\n","protected":false},"featured_media":4048,"comment_status":"open","ping_status":"closed","template":"","meta":[],"product_brand":[],"product_cat":[86],"product_tag":[],"class_list":{"0":"post-4315","1":"product","2":"type-product","3":"status-publish","4":"has-post-thumbnail","6":"product_cat-b2b","8":"first","9":"instock","10":"shipping-taxable","11":"purchasable","12":"product-type-simple"},"_links":{"self":[{"href":"https:\/\/superhabana.com\/en\/wp-json\/wp\/v2\/product\/4315","targetHints":{"allow":["GET"]}}],"collection":[{"href":"https:\/\/superhabana.com\/en\/wp-json\/wp\/v2\/product"}],"about":[{"href":"https:\/\/superhabana.com\/en\/wp-json\/wp\/v2\/types\/product"}],"replies":[{"embeddable":true,"href":"https:\/\/superhabana.com\/en\/wp-json\/wp\/v2\/comments?post=4315"}],"version-history":[{"count":6,"href":"https:\/\/superhabana.com\/en\/wp-json\/wp\/v2\/product\/4315\/revisions"}],"predecessor-version":[{"id":4737,"href":"https:\/\/superhabana.com\/en\/wp-json\/wp\/v2\/product\/4315\/revisions\/4737"}],"wp:featuredmedia":[{"embeddable":true,"href":"https:\/\/superhabana.com\/en\/wp-json\/wp\/v2\/media\/4048"}],"wp:attachment":[{"href":"https:\/\/superhabana.com\/en\/wp-json\/wp\/v2\/media?parent=4315"}],"wp:term":[{"taxonomy":"product_brand","embeddable":true,"href":"https:\/\/superhabana.com\/en\/wp-json\/wp\/v2\/product_brand?post=4315"},{"taxonomy":"product_cat","embeddable":true,"href":"https:\/\/superhabana.com\/en\/wp-json\/wp\/v2\/product_cat?post=4315"},{"taxonomy":"product_tag","embeddable":true,"href":"https:\/\/superhabana.com\/en\/wp-json\/wp\/v2\/product_tag?post=4315"}],"curies":[{"name":"wp","href":"https:\/\/api.w.org\/{rel}","templated":true}]}}