{"id":4217,"date":"2023-12-20T13:26:18","date_gmt":"2023-12-20T11:26:18","guid":{"rendered":"https:\/\/superhabana.com\/?post_type=product&#038;p=4217"},"modified":"2025-12-07T09:42:06","modified_gmt":"2025-12-07T07:42:06","slug":"b2b-cp-0188-chorizo-horneado-y-ahumado-3-kg-unidad","status":"publish","type":"product","link":"https:\/\/superhabana.com\/en\/tienda\/b2b\/ahumados\/b2b-cp-0188-chorizo-horneado-y-ahumado-3-kg-unidad\/","title":{"rendered":"B2B (CP: 0188) &#8211; Chorizo Horneado y Ahumado  &#8211; ~3 kg\/unidad"},"content":{"rendered":"<p>Producto fresco, la conservaci\u00f3n ha de hacerse entre 0\u00ba y 5\u00baC.<\/p>\n<p>Producto de peso variable.<\/p>\n<p><strong>El peso de cada unidad es de aproximadamente 3kg.<br \/>\n<\/strong><\/p>\n<p>Fecha de consumo preferente: 3 meses.<\/p>\n<p>Ingredientes:<\/p>\n<p>Carne de cerdo, agua, sal, prote\u00ednas vegetal y l\u00e1ctea, lactosa, piment\u00f3n, dextrina, dextrosa especias, aroma de humo, antioxidante E-316, conservante E-250 y colorante E-120 y E-124.<\/p>\n","protected":false},"excerpt":{"rendered":"<p>Producto fresco, la conservaci\u00f3n ha de hacerse entre 0\u00ba y 5\u00baC.<\/p>\n<p>Producto de peso variable.<\/p>\n<p><strong>El peso de cada unidad es de aproximadamente 3kg.<br \/>\n<\/strong><\/p>\n<p>Fecha de consumo preferente: 3 meses.<\/p>\n<p>Ingredientes:<\/p>\n<p>Carne de cerdo, agua, sal, prote\u00ednas vegetal y l\u00e1ctea, lactosa, piment\u00f3n, dextrina, dextrosa especias, aroma de humo, antioxidante E-316, conservante E-250 y colorante E-120 y E-124.<\/p>\n","protected":false},"featured_media":4307,"comment_status":"open","ping_status":"closed","template":"","meta":[],"product_brand":[],"product_cat":[89,86],"product_tag":[],"class_list":{"0":"post-4217","1":"product","2":"type-product","3":"status-publish","4":"has-post-thumbnail","6":"product_cat-ahumados","7":"product_cat-b2b","9":"first","10":"instock","11":"shipping-taxable","12":"purchasable","13":"product-type-simple"},"_links":{"self":[{"href":"https:\/\/superhabana.com\/en\/wp-json\/wp\/v2\/product\/4217","targetHints":{"allow":["GET"]}}],"collection":[{"href":"https:\/\/superhabana.com\/en\/wp-json\/wp\/v2\/product"}],"about":[{"href":"https:\/\/superhabana.com\/en\/wp-json\/wp\/v2\/types\/product"}],"replies":[{"embeddable":true,"href":"https:\/\/superhabana.com\/en\/wp-json\/wp\/v2\/comments?post=4217"}],"version-history":[{"count":9,"href":"https:\/\/superhabana.com\/en\/wp-json\/wp\/v2\/product\/4217\/revisions"}],"predecessor-version":[{"id":4768,"href":"https:\/\/superhabana.com\/en\/wp-json\/wp\/v2\/product\/4217\/revisions\/4768"}],"wp:featuredmedia":[{"embeddable":true,"href":"https:\/\/superhabana.com\/en\/wp-json\/wp\/v2\/media\/4307"}],"wp:attachment":[{"href":"https:\/\/superhabana.com\/en\/wp-json\/wp\/v2\/media?parent=4217"}],"wp:term":[{"taxonomy":"product_brand","embeddable":true,"href":"https:\/\/superhabana.com\/en\/wp-json\/wp\/v2\/product_brand?post=4217"},{"taxonomy":"product_cat","embeddable":true,"href":"https:\/\/superhabana.com\/en\/wp-json\/wp\/v2\/product_cat?post=4217"},{"taxonomy":"product_tag","embeddable":true,"href":"https:\/\/superhabana.com\/en\/wp-json\/wp\/v2\/product_tag?post=4217"}],"curies":[{"name":"wp","href":"https:\/\/api.w.org\/{rel}","templated":true}]}}