{"id":4212,"date":"2023-12-20T13:20:38","date_gmt":"2023-12-20T11:20:38","guid":{"rendered":"https:\/\/superhabana.com\/?post_type=product&#038;p=4212"},"modified":"2025-12-07T09:41:28","modified_gmt":"2025-12-07T07:41:28","slug":"b2b-cp-0183-hamburguesas-mixta-01-kg-unidad","status":"publish","type":"product","link":"https:\/\/superhabana.com\/en\/tienda\/b2b\/congelados\/b2b-cp-0183-hamburguesas-mixta-01-kg-unidad\/","title":{"rendered":"B2B (CP: 0183) &#8211; Hamburguesas Mixta &#8211; ~0,1 kg\/unidad"},"content":{"rendered":"<p>Producto congelado, la conservaci\u00f3n ha de hacerse en -18\u00baC.<\/p>\n<p>Producto de peso variable.<\/p>\n<p><strong>El peso de cada unidad es de aproximadamente 100g.<\/strong><\/p>\n<p>Fecha de consumo preferente: 6 meses.<\/p>\n<p>Ingredientes:<\/p>\n<p>Carne de cerdo, agua, carne de ave, prote\u00edna vegetal, almid\u00f3n de ma\u00edz, sal, especias, az\u00facares, potenciador del sabor E-621, antioxidante E-316 y colorante E-120.<\/p>\n","protected":false},"excerpt":{"rendered":"<p>Producto congelado, la conservaci\u00f3n ha de hacerse en -18\u00baC.<\/p>\n<p>Producto de peso variable.<\/p>\n<p><strong>El peso de cada unidad es de aproximadamente 100g.<\/strong><\/p>\n<p>Fecha de consumo preferente: 6 meses.<\/p>\n<p>Ingredientes:<\/p>\n<p>Carne de cerdo, agua, carne de ave, prote\u00edna vegetal, almid\u00f3n de ma\u00edz, sal, especias, az\u00facares, potenciador del sabor E-621, antioxidante E-316 y colorante E-120.<\/p>\n","protected":false},"featured_media":4299,"comment_status":"open","ping_status":"closed","template":"","meta":[],"product_brand":[],"product_cat":[86,88],"product_tag":[],"class_list":{"0":"post-4212","1":"product","2":"type-product","3":"status-publish","4":"has-post-thumbnail","6":"product_cat-b2b","7":"product_cat-congelados","9":"first","10":"instock","11":"shipping-taxable","12":"purchasable","13":"product-type-simple"},"_links":{"self":[{"href":"https:\/\/superhabana.com\/en\/wp-json\/wp\/v2\/product\/4212","targetHints":{"allow":["GET"]}}],"collection":[{"href":"https:\/\/superhabana.com\/en\/wp-json\/wp\/v2\/product"}],"about":[{"href":"https:\/\/superhabana.com\/en\/wp-json\/wp\/v2\/types\/product"}],"replies":[{"embeddable":true,"href":"https:\/\/superhabana.com\/en\/wp-json\/wp\/v2\/comments?post=4212"}],"version-history":[{"count":8,"href":"https:\/\/superhabana.com\/en\/wp-json\/wp\/v2\/product\/4212\/revisions"}],"predecessor-version":[{"id":4765,"href":"https:\/\/superhabana.com\/en\/wp-json\/wp\/v2\/product\/4212\/revisions\/4765"}],"wp:featuredmedia":[{"embeddable":true,"href":"https:\/\/superhabana.com\/en\/wp-json\/wp\/v2\/media\/4299"}],"wp:attachment":[{"href":"https:\/\/superhabana.com\/en\/wp-json\/wp\/v2\/media?parent=4212"}],"wp:term":[{"taxonomy":"product_brand","embeddable":true,"href":"https:\/\/superhabana.com\/en\/wp-json\/wp\/v2\/product_brand?post=4212"},{"taxonomy":"product_cat","embeddable":true,"href":"https:\/\/superhabana.com\/en\/wp-json\/wp\/v2\/product_cat?post=4212"},{"taxonomy":"product_tag","embeddable":true,"href":"https:\/\/superhabana.com\/en\/wp-json\/wp\/v2\/product_tag?post=4212"}],"curies":[{"name":"wp","href":"https:\/\/api.w.org\/{rel}","templated":true}]}}