{"id":4007,"date":"2023-06-22T08:52:30","date_gmt":"2023-06-22T06:52:30","guid":{"rendered":"https:\/\/superhabana.com\/?post_type=product&#038;p=4007"},"modified":"2025-12-07T09:53:33","modified_gmt":"2025-12-07T07:53:33","slug":"masa-de-chorizo","status":"publish","type":"product","link":"https:\/\/superhabana.com\/en\/tienda\/carniceria\/masa-de-chorizo\/","title":{"rendered":"Masa de Chorizo &#8211; Caja 20 unidades, 8 Kg &#8211; 400 g\/unidad"},"content":{"rendered":"<p>Producto congelado, la conservaci\u00f3n ha de hacerse en -18\u00ba.<\/p>\n<p><strong>Se vende por cajas de 20 unidades, el peso de cada unidad es de 400g, el de la caja de 8kg.<\/strong><\/p>\n<p>Fecha de consumo preferente: 6 meses.<\/p>\n<p>Ingredientes:<\/p>\n<p>Listado de Ingredientes: Carne de ave y de cerdo, agua, almid\u00f3n, prote\u00edna vegetal, sal, piment\u00f3n, dextrosa, especias, acentuador del sabor (E-621), antioxidante (E-301) y colorante (E-120).<\/p>\n","protected":false},"excerpt":{"rendered":"<p>Producto congelado, la conservaci\u00f3n ha de hacerse en -18\u00ba.<\/p>\n<p><strong>Se vende por cajas de 20 unidades, el peso de cada unidad es de 400g, el de la caja de 8kg.<\/strong><\/p>\n<p>Fecha de consumo preferente: 6 meses.<\/p>\n<p>Ingredientes:<\/p>\n<p>Listado de Ingredientes: Carne de ave y de cerdo, agua, almid\u00f3n, prote\u00edna vegetal, sal, piment\u00f3n, dextrosa, especias, acentuador del sabor (E-621), antioxidante (E-301) y colorante (E-120).<\/p>\n","protected":false},"featured_media":4048,"comment_status":"open","ping_status":"closed","template":"","meta":[],"product_brand":[],"product_cat":[51],"product_tag":[],"class_list":{"0":"post-4007","1":"product","2":"type-product","3":"status-publish","4":"has-post-thumbnail","6":"product_cat-carniceria","8":"first","9":"instock","10":"shipping-taxable","11":"purchasable","12":"product-type-simple"},"_links":{"self":[{"href":"https:\/\/superhabana.com\/en\/wp-json\/wp\/v2\/product\/4007","targetHints":{"allow":["GET"]}}],"collection":[{"href":"https:\/\/superhabana.com\/en\/wp-json\/wp\/v2\/product"}],"about":[{"href":"https:\/\/superhabana.com\/en\/wp-json\/wp\/v2\/types\/product"}],"replies":[{"embeddable":true,"href":"https:\/\/superhabana.com\/en\/wp-json\/wp\/v2\/comments?post=4007"}],"version-history":[{"count":2,"href":"https:\/\/superhabana.com\/en\/wp-json\/wp\/v2\/product\/4007\/revisions"}],"predecessor-version":[{"id":4146,"href":"https:\/\/superhabana.com\/en\/wp-json\/wp\/v2\/product\/4007\/revisions\/4146"}],"wp:featuredmedia":[{"embeddable":true,"href":"https:\/\/superhabana.com\/en\/wp-json\/wp\/v2\/media\/4048"}],"wp:attachment":[{"href":"https:\/\/superhabana.com\/en\/wp-json\/wp\/v2\/media?parent=4007"}],"wp:term":[{"taxonomy":"product_brand","embeddable":true,"href":"https:\/\/superhabana.com\/en\/wp-json\/wp\/v2\/product_brand?post=4007"},{"taxonomy":"product_cat","embeddable":true,"href":"https:\/\/superhabana.com\/en\/wp-json\/wp\/v2\/product_cat?post=4007"},{"taxonomy":"product_tag","embeddable":true,"href":"https:\/\/superhabana.com\/en\/wp-json\/wp\/v2\/product_tag?post=4007"}],"curies":[{"name":"wp","href":"https:\/\/api.w.org\/{rel}","templated":true}]}}